{"id":8330,"date":"2025-05-07T14:23:02","date_gmt":"2025-05-07T12:23:02","guid":{"rendered":"https:\/\/www.hqbuild.it\/disconoscimento\/"},"modified":"2026-01-22T13:30:58","modified_gmt":"2026-01-22T12:30:58","slug":"mohim-pergjegjesie","status":"publish","type":"page","link":"https:\/\/www.hqbuild.it\/sq\/mohim-pergjegjesie\/","title":{"rendered":"Mohim p\u00ebrgjegj\u00ebsie"},"content":{"rendered":"[vc_row type=&#8221;full_width_background&#8221; full_screen_row_position=&#8221;middle&#8221; column_margin=&#8221;default&#8221; column_direction=&#8221;default&#8221; column_direction_tablet=&#8221;default&#8221; column_direction_phone=&#8221;default&#8221; scene_position=&#8221;center&#8221; top_padding=&#8221;32&#8243; bottom_padding=&#8221;64&#8243; bottom_margin_tablet=&#8221;auto&#8221; bottom_margin_phone=&#8221;auto&#8221; text_color=&#8221;dark&#8221; text_align=&#8221;left&#8221; row_border_radius=&#8221;none&#8221; row_border_radius_applies=&#8221;bg&#8221; overflow=&#8221;visible&#8221; enable_gradient=&#8221;true&#8221; color_overlay=&#8221;#ffffff&#8221; color_overlay_2=&#8221;#e2e2e2&#8243; overlay_strength=&#8221;0.3&#8243; gradient_direction=&#8221;top_to_bottom&#8221; shape_divider_position=&#8221;bottom&#8221; bg_image_animation=&#8221;none&#8221; gradient_type=&#8221;default&#8221; shape_type=&#8221;&#8221;][vc_column column_padding=&#8221;no-extra-padding&#8221; column_padding_tablet=&#8221;inherit&#8221; column_padding_phone=&#8221;inherit&#8221; column_padding_position=&#8221;all&#8221; column_element_direction_desktop=&#8221;default&#8221; column_element_spacing=&#8221;default&#8221; centered_text=&#8221;true&#8221; desktop_text_alignment=&#8221;default&#8221; tablet_text_alignment=&#8221;default&#8221; phone_text_alignment=&#8221;default&#8221; background_color_opacity=&#8221;1&#8243; background_hover_color_opacity=&#8221;1&#8243; column_backdrop_filter=&#8221;none&#8221; column_shadow=&#8221;none&#8221; column_border_radius=&#8221;none&#8221; column_link_target=&#8221;_self&#8221; column_position=&#8221;default&#8221; gradient_direction=&#8221;left_to_right&#8221; overlay_strength=&#8221;0.3&#8243; width=&#8221;1\/1&#8243; tablet_width_inherit=&#8221;default&#8221; animation_type=&#8221;default&#8221; bg_image_animation=&#8221;none&#8221; border_type=&#8221;simple&#8221; column_border_width=&#8221;none&#8221; column_border_style=&#8221;solid&#8221; column_padding_type=&#8221;default&#8221; gradient_type=&#8221;default&#8221;][nectar_highlighted_text style=&#8221;text_outline&#8221; outline_thickness=&#8221;thin&#8221; text_direction=&#8221;default&#8221; custom_font_size=&#8221;84px&#8221;]\n<h1>Mohim p\u00ebrgjegj\u00ebsie<\/h1>\n[\/nectar_highlighted_text][vc_column_text css=&#8221;&#8221; text_direction=&#8221;default&#8221;]Dokument Ligjor[\/vc_column_text][\/vc_column][\/vc_row][vc_row type=&#8221;in_container&#8221; full_screen_row_position=&#8221;middle&#8221; column_margin=&#8221;default&#8221; column_direction=&#8221;default&#8221; column_direction_tablet=&#8221;default&#8221; column_direction_phone=&#8221;default&#8221; scene_position=&#8221;center&#8221; top_padding=&#8221;64&#8243; text_color=&#8221;dark&#8221; text_align=&#8221;left&#8221; row_border_radius=&#8221;none&#8221; row_border_radius_applies=&#8221;bg&#8221; overflow=&#8221;visible&#8221; overlay_strength=&#8221;0.3&#8243; gradient_direction=&#8221;left_to_right&#8221; shape_divider_position=&#8221;bottom&#8221; bg_image_animation=&#8221;none&#8221; gradient_type=&#8221;default&#8221; shape_type=&#8221;&#8221;][vc_column column_padding=&#8221;no-extra-padding&#8221; column_padding_tablet=&#8221;inherit&#8221; column_padding_phone=&#8221;inherit&#8221; column_padding_position=&#8221;all&#8221; column_element_direction_desktop=&#8221;default&#8221; column_element_spacing=&#8221;default&#8221; desktop_text_alignment=&#8221;default&#8221; tablet_text_alignment=&#8221;default&#8221; phone_text_alignment=&#8221;default&#8221; background_color_opacity=&#8221;1&#8243; background_hover_color_opacity=&#8221;1&#8243; column_backdrop_filter=&#8221;none&#8221; column_shadow=&#8221;none&#8221; column_border_radius=&#8221;none&#8221; column_link_target=&#8221;_self&#8221; column_position=&#8221;default&#8221; gradient_direction=&#8221;left_to_right&#8221; overlay_strength=&#8221;0.3&#8243; width=&#8221;3\/12&#8243; tablet_width_inherit=&#8221;default&#8221; animation_type=&#8221;default&#8221; bg_image_animation=&#8221;none&#8221; border_type=&#8221;simple&#8221; column_border_width=&#8221;none&#8221; column_border_style=&#8221;solid&#8221;][\/vc_column][vc_column column_padding=&#8221;no-extra-padding&#8221; column_padding_tablet=&#8221;inherit&#8221; column_padding_phone=&#8221;inherit&#8221; column_padding_position=&#8221;all&#8221; column_element_direction_desktop=&#8221;default&#8221; column_element_spacing=&#8221;default&#8221; desktop_text_alignment=&#8221;default&#8221; tablet_text_alignment=&#8221;default&#8221; phone_text_alignment=&#8221;default&#8221; background_color_opacity=&#8221;1&#8243; background_hover_color_opacity=&#8221;1&#8243; column_backdrop_filter=&#8221;none&#8221; column_shadow=&#8221;none&#8221; column_border_radius=&#8221;none&#8221; column_link_target=&#8221;_self&#8221; column_position=&#8221;default&#8221; gradient_direction=&#8221;left_to_right&#8221; overlay_strength=&#8221;0.3&#8243; width=&#8221;6\/12&#8243; tablet_width_inherit=&#8221;default&#8221; animation_type=&#8221;default&#8221; bg_image_animation=&#8221;none&#8221; border_type=&#8221;simple&#8221; column_border_width=&#8221;none&#8221; column_border_style=&#8221;solid&#8221;][vc_column_text]\n\n<!-- Legal document generated by Complianz | GDPR\/CCPA Cookie Consent https:\/\/wordpress.org\/plugins\/complianz-gdpr -->\n<div id=\"cmplz-document\" class=\"cmplz-document disclaimer cmplz-document-all\"><p>HQbuild S.p.A \u00ebsht\u00eb i p\u00ebrkushtuar ta mbaj\u00eb k\u00ebt\u00eb faqe interneti t\u00eb azhurnuar dhe t\u00eb sakt\u00eb. Megjithat\u00eb, n\u00ebse hasni di\u00e7ka t\u00eb pasakt\u00eb ose t\u00eb vjet\u00ebruar, do ta vler\u00ebsonim n\u00ebse mund t\u00eb na njoftonit. Ju lutemi tregoni se ku n\u00eb faqen e internetit e keni lexuar informacionin. Ne do ta shqyrtojm\u00eb k\u00ebt\u00eb sa m\u00eb shpejt t\u00eb jet\u00eb e mundur. Ju lutemi d\u00ebrgoni p\u00ebrgjigjen tuaj me email n\u00eb: <span class=\"cmplz-obfuscate\">&#105;nf&#111;@<span class=\"cmplz-fmail-domain\">e&#120;&#046;c&#111;&#109;<\/span>&#104;&#113;bui&#108;d.&#105;t<\/span>.<\/p><p>Ne nuk jemi p\u00ebrgjegj\u00ebs p\u00ebr humbjet si rezultat i pasakt\u00ebsive ose paplot\u00ebsive, as p\u00ebr humbjet q\u00eb vijn\u00eb nga problemet e shkaktuara nga ose t\u00eb natyrshme n\u00eb p\u00ebrhapjen e informacionit p\u00ebrmes internetit, si\u00e7 jan\u00eb nd\u00ebrprerjet ose nd\u00ebrprerjet. Kur p\u00ebrdorim formular\u00eb n\u00eb internet, ne p\u00ebrpiqemi ta kufizojm\u00eb numrin e fushave t\u00eb k\u00ebrkuara n\u00eb minimum. P\u00ebr \u00e7do humbje t\u00eb p\u00ebsuar si rezultat i p\u00ebrdorimit t\u00eb t\u00eb dh\u00ebnave, k\u00ebshillave ose ideve t\u00eb ofruara nga ose n\u00eb em\u00ebr t\u00eb HQbuild S.p.A p\u00ebrmes k\u00ebsaj faqeje interneti, HQbuild S.p.A nuk mban p\u00ebrgjegj\u00ebsi.<\/p><p>\u00c7do t\u00eb dh\u00ebn\u00eb personale q\u00eb na jepni n\u00eb kontekstin e p\u00ebrgjigjes ose k\u00ebrkes\u00ebs suaj p\u00ebr informacion do t\u00eb p\u00ebrdoret vet\u00ebm n\u00eb p\u00ebrputhje me deklarat\u00ebn ton\u00eb t\u00eb privat\u00ebsis\u00eb.<\/p><p>HQbuild S.p.A nuk mban p\u00ebrgjegj\u00ebsi p\u00ebr p\u00ebrmbajtjen e faqeve t\u00eb internetit nga t\u00eb cilat ose nga t\u00eb cilat b\u00ebhet nj\u00eb hiperlidhje ose referenc\u00eb tjet\u00ebr. Produktet ose sh\u00ebrbimet e ofruara nga pal\u00ebt e treta do t'i n\u00ebnshtrohen kushteve dhe rregullave p\u00ebrkat\u00ebse t\u00eb k\u00ebtyre pal\u00ebve t\u00eb treta.<\/p><p>T\u00eb gjitha t\u00eb drejtat e pron\u00ebsis\u00eb intelektuale mbi p\u00ebrmbajtjen n\u00eb k\u00ebt\u00eb faqe interneti i p\u00ebrkasin HQbuild S.p.A.<\/p><p>Kopjimi, shp\u00ebrndarja dhe \u00e7do p\u00ebrdorim tjet\u00ebr i k\u00ebtyre materialeve nuk lejohet pa lejen me shkrim t\u00eb HQbuild S.p.A, p\u00ebrve\u00e7 dhe vet\u00ebm p\u00ebr aq sa p\u00ebrcaktohet ndryshe n\u00eb rregulloret e ligjit t\u00eb detyruesh\u00ebm (si\u00e7 \u00ebsht\u00eb e drejta p\u00ebr t\u00eb cituar), p\u00ebrve\u00e7 n\u00ebse p\u00ebrmbajtja specifike dikton ndryshe.<\/p><p>N\u00ebse keni ndonj\u00eb pyetje ose problem me aksesueshm\u00ebrin\u00eb e faqes s\u00eb internetit, ju lutemi mos hezitoni t\u00eb na kontaktoni.<\/p><\/div>[\/vc_column_text][\/vc_column][vc_column column_padding=&#8221;no-extra-padding&#8221; column_padding_tablet=&#8221;inherit&#8221; column_padding_phone=&#8221;inherit&#8221; column_padding_position=&#8221;all&#8221; column_element_direction_desktop=&#8221;default&#8221; column_element_spacing=&#8221;default&#8221; desktop_text_alignment=&#8221;default&#8221; tablet_text_alignment=&#8221;default&#8221; phone_text_alignment=&#8221;default&#8221; background_color_opacity=&#8221;1&#8243; background_hover_color_opacity=&#8221;1&#8243; column_backdrop_filter=&#8221;none&#8221; column_shadow=&#8221;none&#8221; column_border_radius=&#8221;none&#8221; column_link_target=&#8221;_self&#8221; column_position=&#8221;default&#8221; gradient_direction=&#8221;left_to_right&#8221; overlay_strength=&#8221;0.3&#8243; width=&#8221;3\/12&#8243; tablet_width_inherit=&#8221;default&#8221; animation_type=&#8221;default&#8221; bg_image_animation=&#8221;none&#8221; border_type=&#8221;simple&#8221; column_border_width=&#8221;none&#8221; column_border_style=&#8221;solid&#8221;][\/vc_column][\/vc_row]\n","protected":false},"excerpt":{"rendered":"<p>[vc_row type=&#8221;full_width_background&#8221; full_screen_row_position=&#8221;middle&#8221; column_margin=&#8221;default&#8221; column_direction=&#8221;default&#8221; column_direction_tablet=&#8221;default&#8221; column_direction_phone=&#8221;default&#8221; scene_position=&#8221;center&#8221; top_padding=&#8221;32&#8243; bottom_padding=&#8221;64&#8243; bottom_margin_tablet=&#8221;auto&#8221; bottom_margin_phone=&#8221;auto&#8221; text_color=&#8221;dark&#8221; text_align=&#8221;left&#8221; row_border_radius=&#8221;none&#8221; row_border_radius_applies=&#8221;bg&#8221; overflow=&#8221;visible&#8221; enable_gradient=&#8221;true&#8221; color_overlay=&#8221;#ffffff&#8221; color_overlay_2=&#8221;#e2e2e2&#8243; overlay_strength=&#8221;0.3&#8243; gradient_direction=&#8221;top_to_bottom&#8221; shape_divider_position=&#8221;bottom&#8221; bg_image_animation=&#8221;none&#8221; gradient_type=&#8221;default&#8221; shape_type=&#8221;&#8221;][vc_column column_padding=&#8221;no-extra-padding&#8221; column_padding_tablet=&#8221;inherit&#8221; column_padding_phone=&#8221;inherit&#8221; column_padding_position=&#8221;all&#8221;&#8230;<\/p>\n","protected":false},"author":1,"featured_media":0,"parent":0,"menu_order":0,"comment_status":"closed","ping_status":"open","template":"","meta":{"footnotes":""},"class_list":["post-8330","page","type-page","status-publish"],"yoast_head":"<!-- This site is optimized with the Yoast SEO plugin v27.0 - https:\/\/yoast.com\/product\/yoast-seo-wordpress\/ -->\n<title>Mohim p\u00ebrgjegj\u00ebsie - hqbuild S.p.A.<\/title>\n<meta name=\"robots\" content=\"index, follow, max-snippet:-1, max-image-preview:large, max-video-preview:-1\" \/>\n<link rel=\"canonical\" href=\"https:\/\/www.hqbuild.it\/sq\/mohim-pergjegjesie\/\" \/>\n<meta property=\"og:locale\" content=\"sq_AL\" \/>\n<meta property=\"og:type\" content=\"article\" \/>\n<meta property=\"og:title\" content=\"Mohim p\u00ebrgjegj\u00ebsie - hqbuild S.p.A.\" \/>\n<meta property=\"og:description\" content=\"[vc_row type=&#8221;full_width_background&#8221; full_screen_row_position=&#8221;middle&#8221; column_margin=&#8221;default&#8221; column_direction=&#8221;default&#8221; column_direction_tablet=&#8221;default&#8221; column_direction_phone=&#8221;default&#8221; scene_position=&#8221;center&#8221; top_padding=&#8221;32&#8243; bottom_padding=&#8221;64&#8243; bottom_margin_tablet=&#8221;auto&#8221; bottom_margin_phone=&#8221;auto&#8221; text_color=&#8221;dark&#8221; text_align=&#8221;left&#8221; row_border_radius=&#8221;none&#8221; row_border_radius_applies=&#8221;bg&#8221; overflow=&#8221;visible&#8221; enable_gradient=&#8221;true&#8221; color_overlay=&#8221;#ffffff&#8221; color_overlay_2=&#8221;#e2e2e2&#8243; overlay_strength=&#8221;0.3&#8243; gradient_direction=&#8221;top_to_bottom&#8221; shape_divider_position=&#8221;bottom&#8221; bg_image_animation=&#8221;none&#8221; gradient_type=&#8221;default&#8221; shape_type=&#8221;&#8221;][vc_column column_padding=&#8221;no-extra-padding&#8221; column_padding_tablet=&#8221;inherit&#8221; column_padding_phone=&#8221;inherit&#8221; column_padding_position=&#8221;all&#8221;...\" \/>\n<meta property=\"og:url\" content=\"https:\/\/www.hqbuild.it\/sq\/mohim-pergjegjesie\/\" \/>\n<meta property=\"og:site_name\" content=\"hqbuild S.p.A.\" \/>\n<meta property=\"article:modified_time\" content=\"2026-01-22T12:30:58+00:00\" \/>\n<meta name=\"twitter:card\" content=\"summary_large_image\" \/>\n<meta name=\"twitter:label1\" content=\"Est. reading time\" \/>\n\t<meta name=\"twitter:data1\" content=\"1 minut\u00eb\" \/>\n<script type=\"application\/ld+json\" class=\"yoast-schema-graph\">{\"@context\":\"https:\/\/schema.org\",\"@graph\":[{\"@type\":\"WebPage\",\"@id\":\"https:\/\/www.hqbuild.it\/sq\/mohim-pergjegjesie\/\",\"url\":\"https:\/\/www.hqbuild.it\/sq\/mohim-pergjegjesie\/\",\"name\":\"Mohim p\u00ebrgjegj\u00ebsie - hqbuild S.p.A.\",\"isPartOf\":{\"@id\":\"https:\/\/www.hqbuild.it\/sq\/#website\"},\"datePublished\":\"2025-05-07T12:23:02+00:00\",\"dateModified\":\"2026-01-22T12:30:58+00:00\",\"breadcrumb\":{\"@id\":\"https:\/\/www.hqbuild.it\/sq\/mohim-pergjegjesie\/#breadcrumb\"},\"inLanguage\":\"sq\",\"potentialAction\":[{\"@type\":\"ReadAction\",\"target\":[\"https:\/\/www.hqbuild.it\/sq\/mohim-pergjegjesie\/\"]}]},{\"@type\":\"BreadcrumbList\",\"@id\":\"https:\/\/www.hqbuild.it\/sq\/mohim-pergjegjesie\/#breadcrumb\",\"itemListElement\":[{\"@type\":\"ListItem\",\"position\":1,\"name\":\"Home\",\"item\":\"https:\/\/www.hqbuild.it\/sq\/\"},{\"@type\":\"ListItem\",\"position\":2,\"name\":\"Mohim p\u00ebrgjegj\u00ebsie\"}]},{\"@type\":\"WebSite\",\"@id\":\"https:\/\/www.hqbuild.it\/sq\/#website\",\"url\":\"https:\/\/www.hqbuild.it\/sq\/\",\"name\":\"hqbuild S.p.a.\",\"description\":\"\",\"publisher\":{\"@id\":\"https:\/\/www.hqbuild.it\/sq\/#organization\"},\"potentialAction\":[{\"@type\":\"SearchAction\",\"target\":{\"@type\":\"EntryPoint\",\"urlTemplate\":\"https:\/\/www.hqbuild.it\/sq\/?s={search_term_string}\"},\"query-input\":{\"@type\":\"PropertyValueSpecification\",\"valueRequired\":true,\"valueName\":\"search_term_string\"}}],\"inLanguage\":\"sq\"},{\"@type\":\"Organization\",\"@id\":\"https:\/\/www.hqbuild.it\/sq\/#organization\",\"name\":\"hqbuild S.p.a.\",\"url\":\"https:\/\/www.hqbuild.it\/sq\/\",\"logo\":{\"@type\":\"ImageObject\",\"inLanguage\":\"sq\",\"@id\":\"https:\/\/www.hqbuild.it\/sq\/#\/schema\/logo\/image\/\",\"url\":\"https:\/\/www.hqbuild.it\/wp-content\/uploads\/2024\/09\/Risorsa-2@2x-colored-mobile-1.png\",\"contentUrl\":\"https:\/\/www.hqbuild.it\/wp-content\/uploads\/2024\/09\/Risorsa-2@2x-colored-mobile-1.png\",\"width\":537,\"height\":210,\"caption\":\"hqbuild S.p.a.\"},\"image\":{\"@id\":\"https:\/\/www.hqbuild.it\/sq\/#\/schema\/logo\/image\/\"}}]}<\/script>\n<!-- \/ Yoast SEO plugin. -->","yoast_head_json":{"title":"Mohim p\u00ebrgjegj\u00ebsie - hqbuild S.p.A.","robots":{"index":"index","follow":"follow","max-snippet":"max-snippet:-1","max-image-preview":"max-image-preview:large","max-video-preview":"max-video-preview:-1"},"canonical":"https:\/\/www.hqbuild.it\/sq\/mohim-pergjegjesie\/","og_locale":"sq_AL","og_type":"article","og_title":"Mohim p\u00ebrgjegj\u00ebsie - hqbuild S.p.A.","og_description":"[vc_row type=&#8221;full_width_background&#8221; full_screen_row_position=&#8221;middle&#8221; column_margin=&#8221;default&#8221; column_direction=&#8221;default&#8221; column_direction_tablet=&#8221;default&#8221; column_direction_phone=&#8221;default&#8221; scene_position=&#8221;center&#8221; top_padding=&#8221;32&#8243; bottom_padding=&#8221;64&#8243; bottom_margin_tablet=&#8221;auto&#8221; bottom_margin_phone=&#8221;auto&#8221; text_color=&#8221;dark&#8221; text_align=&#8221;left&#8221; row_border_radius=&#8221;none&#8221; row_border_radius_applies=&#8221;bg&#8221; overflow=&#8221;visible&#8221; enable_gradient=&#8221;true&#8221; color_overlay=&#8221;#ffffff&#8221; color_overlay_2=&#8221;#e2e2e2&#8243; overlay_strength=&#8221;0.3&#8243; gradient_direction=&#8221;top_to_bottom&#8221; shape_divider_position=&#8221;bottom&#8221; bg_image_animation=&#8221;none&#8221; gradient_type=&#8221;default&#8221; shape_type=&#8221;&#8221;][vc_column column_padding=&#8221;no-extra-padding&#8221; column_padding_tablet=&#8221;inherit&#8221; column_padding_phone=&#8221;inherit&#8221; column_padding_position=&#8221;all&#8221;...","og_url":"https:\/\/www.hqbuild.it\/sq\/mohim-pergjegjesie\/","og_site_name":"hqbuild S.p.A.","article_modified_time":"2026-01-22T12:30:58+00:00","twitter_card":"summary_large_image","twitter_misc":{"Est. reading time":"1 minut\u00eb"},"schema":{"@context":"https:\/\/schema.org","@graph":[{"@type":"WebPage","@id":"https:\/\/www.hqbuild.it\/sq\/mohim-pergjegjesie\/","url":"https:\/\/www.hqbuild.it\/sq\/mohim-pergjegjesie\/","name":"Mohim p\u00ebrgjegj\u00ebsie - hqbuild S.p.A.","isPartOf":{"@id":"https:\/\/www.hqbuild.it\/sq\/#website"},"datePublished":"2025-05-07T12:23:02+00:00","dateModified":"2026-01-22T12:30:58+00:00","breadcrumb":{"@id":"https:\/\/www.hqbuild.it\/sq\/mohim-pergjegjesie\/#breadcrumb"},"inLanguage":"sq","potentialAction":[{"@type":"ReadAction","target":["https:\/\/www.hqbuild.it\/sq\/mohim-pergjegjesie\/"]}]},{"@type":"BreadcrumbList","@id":"https:\/\/www.hqbuild.it\/sq\/mohim-pergjegjesie\/#breadcrumb","itemListElement":[{"@type":"ListItem","position":1,"name":"Home","item":"https:\/\/www.hqbuild.it\/sq\/"},{"@type":"ListItem","position":2,"name":"Mohim p\u00ebrgjegj\u00ebsie"}]},{"@type":"WebSite","@id":"https:\/\/www.hqbuild.it\/sq\/#website","url":"https:\/\/www.hqbuild.it\/sq\/","name":"hqbuild S.p.a.","description":"","publisher":{"@id":"https:\/\/www.hqbuild.it\/sq\/#organization"},"potentialAction":[{"@type":"SearchAction","target":{"@type":"EntryPoint","urlTemplate":"https:\/\/www.hqbuild.it\/sq\/?s={search_term_string}"},"query-input":{"@type":"PropertyValueSpecification","valueRequired":true,"valueName":"search_term_string"}}],"inLanguage":"sq"},{"@type":"Organization","@id":"https:\/\/www.hqbuild.it\/sq\/#organization","name":"hqbuild S.p.a.","url":"https:\/\/www.hqbuild.it\/sq\/","logo":{"@type":"ImageObject","inLanguage":"sq","@id":"https:\/\/www.hqbuild.it\/sq\/#\/schema\/logo\/image\/","url":"https:\/\/www.hqbuild.it\/wp-content\/uploads\/2024\/09\/Risorsa-2@2x-colored-mobile-1.png","contentUrl":"https:\/\/www.hqbuild.it\/wp-content\/uploads\/2024\/09\/Risorsa-2@2x-colored-mobile-1.png","width":537,"height":210,"caption":"hqbuild S.p.a."},"image":{"@id":"https:\/\/www.hqbuild.it\/sq\/#\/schema\/logo\/image\/"}}]}},"_links":{"self":[{"href":"https:\/\/www.hqbuild.it\/sq\/wp-json\/wp\/v2\/pages\/8330","targetHints":{"allow":["GET"]}}],"collection":[{"href":"https:\/\/www.hqbuild.it\/sq\/wp-json\/wp\/v2\/pages"}],"about":[{"href":"https:\/\/www.hqbuild.it\/sq\/wp-json\/wp\/v2\/types\/page"}],"author":[{"embeddable":true,"href":"https:\/\/www.hqbuild.it\/sq\/wp-json\/wp\/v2\/users\/1"}],"replies":[{"embeddable":true,"href":"https:\/\/www.hqbuild.it\/sq\/wp-json\/wp\/v2\/comments?post=8330"}],"version-history":[{"count":1,"href":"https:\/\/www.hqbuild.it\/sq\/wp-json\/wp\/v2\/pages\/8330\/revisions"}],"predecessor-version":[{"id":8331,"href":"https:\/\/www.hqbuild.it\/sq\/wp-json\/wp\/v2\/pages\/8330\/revisions\/8331"}],"wp:attachment":[{"href":"https:\/\/www.hqbuild.it\/sq\/wp-json\/wp\/v2\/media?parent=8330"}],"curies":[{"name":"wp","href":"https:\/\/api.w.org\/{rel}","templated":true}]}}