{"id":8751,"date":"2026-04-27T12:03:17","date_gmt":"2026-04-27T10:03:17","guid":{"rendered":"https:\/\/www.hqbuild.it\/accessibilita\/"},"modified":"2026-04-27T12:57:46","modified_gmt":"2026-04-27T10:57:46","slug":"aksesueshmeria","status":"publish","type":"page","link":"https:\/\/www.hqbuild.it\/sq\/aksesueshmeria\/","title":{"rendered":"Informacion mbi aksesueshm\u00ebrin\u00eb dhe p\u00ebrdorueshm\u00ebrin\u00eb e faqes"},"content":{"rendered":"[vc_row type=&#8221;full_width_background&#8221; full_screen_row_position=&#8221;middle&#8221; column_margin=&#8221;default&#8221; column_direction=&#8221;default&#8221; column_direction_tablet=&#8221;default&#8221; column_direction_phone=&#8221;default&#8221; scene_position=&#8221;center&#8221; top_padding=&#8221;32&#8243; bottom_padding=&#8221;64&#8243; bottom_margin_tablet=&#8221;auto&#8221; bottom_margin_phone=&#8221;auto&#8221; text_color=&#8221;dark&#8221; text_align=&#8221;left&#8221; row_border_radius=&#8221;none&#8221; row_border_radius_applies=&#8221;bg&#8221; overflow=&#8221;visible&#8221; enable_gradient=&#8221;true&#8221; color_overlay=&#8221;#ffffff&#8221; color_overlay_2=&#8221;#e2e2e2&#8243; overlay_strength=&#8221;0.3&#8243; gradient_direction=&#8221;top_to_bottom&#8221; shape_divider_position=&#8221;bottom&#8221; bg_image_animation=&#8221;none&#8221; gradient_type=&#8221;default&#8221; shape_type=&#8221;&#8221;][vc_column column_padding=&#8221;no-extra-padding&#8221; column_padding_tablet=&#8221;inherit&#8221; column_padding_phone=&#8221;inherit&#8221; column_padding_position=&#8221;all&#8221; column_element_direction_desktop=&#8221;default&#8221; column_element_spacing=&#8221;default&#8221; centered_text=&#8221;true&#8221; desktop_text_alignment=&#8221;default&#8221; tablet_text_alignment=&#8221;default&#8221; phone_text_alignment=&#8221;default&#8221; background_color_opacity=&#8221;1&#8243; background_hover_color_opacity=&#8221;1&#8243; column_backdrop_filter=&#8221;none&#8221; column_shadow=&#8221;none&#8221; column_border_radius=&#8221;none&#8221; column_link_target=&#8221;_self&#8221; column_position=&#8221;default&#8221; gradient_direction=&#8221;left_to_right&#8221; overlay_strength=&#8221;0.3&#8243; width=&#8221;1\/1&#8243; tablet_width_inherit=&#8221;default&#8221; animation_type=&#8221;default&#8221; bg_image_animation=&#8221;none&#8221; border_type=&#8221;simple&#8221; column_border_width=&#8221;none&#8221; column_border_style=&#8221;solid&#8221; column_padding_type=&#8221;default&#8221; gradient_type=&#8221;default&#8221;][nectar_highlighted_text style=&#8221;text_outline&#8221; outline_thickness=&#8221;thin&#8221; text_direction=&#8221;default&#8221; custom_font_size=&#8221;84px&#8221;]\n<h1>Informacion mbi aksesueshm\u00ebrin\u00eb dhe p\u00ebrdorueshm\u00ebrin\u00eb e faqes<\/h1>\n[\/nectar_highlighted_text][vc_column_text css=&#8221;&#8221; text_direction=&#8221;default&#8221;]Dokument ligjor[\/vc_column_text][\/vc_column][\/vc_row][vc_row type=&#8221;in_container&#8221; full_screen_row_position=&#8221;middle&#8221; column_margin=&#8221;default&#8221; column_direction=&#8221;default&#8221; column_direction_tablet=&#8221;default&#8221; column_direction_phone=&#8221;default&#8221; scene_position=&#8221;center&#8221; top_padding=&#8221;64&#8243; text_color=&#8221;dark&#8221; text_align=&#8221;left&#8221; row_border_radius=&#8221;none&#8221; row_border_radius_applies=&#8221;bg&#8221; overflow=&#8221;visible&#8221; overlay_strength=&#8221;0.3&#8243; gradient_direction=&#8221;left_to_right&#8221; shape_divider_position=&#8221;bottom&#8221; bg_image_animation=&#8221;none&#8221; gradient_type=&#8221;default&#8221; shape_type=&#8221;&#8221;][vc_column column_padding=&#8221;no-extra-padding&#8221; column_padding_tablet=&#8221;inherit&#8221; column_padding_phone=&#8221;inherit&#8221; column_padding_position=&#8221;all&#8221; column_element_direction_desktop=&#8221;default&#8221; column_element_spacing=&#8221;default&#8221; desktop_text_alignment=&#8221;default&#8221; tablet_text_alignment=&#8221;default&#8221; phone_text_alignment=&#8221;default&#8221; background_color_opacity=&#8221;1&#8243; background_hover_color_opacity=&#8221;1&#8243; column_backdrop_filter=&#8221;none&#8221; column_shadow=&#8221;none&#8221; column_border_radius=&#8221;none&#8221; column_link_target=&#8221;_self&#8221; column_position=&#8221;default&#8221; gradient_direction=&#8221;left_to_right&#8221; overlay_strength=&#8221;0.3&#8243; width=&#8221;3\/12&#8243; tablet_width_inherit=&#8221;default&#8221; animation_type=&#8221;default&#8221; bg_image_animation=&#8221;none&#8221; border_type=&#8221;simple&#8221; column_border_width=&#8221;none&#8221; column_border_style=&#8221;solid&#8221;][\/vc_column][vc_column column_padding=&#8221;no-extra-padding&#8221; column_padding_tablet=&#8221;inherit&#8221; column_padding_phone=&#8221;inherit&#8221; column_padding_position=&#8221;all&#8221; column_element_direction_desktop=&#8221;default&#8221; column_element_spacing=&#8221;default&#8221; desktop_text_alignment=&#8221;default&#8221; tablet_text_alignment=&#8221;default&#8221; phone_text_alignment=&#8221;default&#8221; background_color_opacity=&#8221;1&#8243; background_hover_color_opacity=&#8221;1&#8243; column_backdrop_filter=&#8221;none&#8221; column_shadow=&#8221;none&#8221; column_border_radius=&#8221;none&#8221; column_link_target=&#8221;_self&#8221; column_position=&#8221;default&#8221; gradient_direction=&#8221;left_to_right&#8221; overlay_strength=&#8221;0.3&#8243; width=&#8221;6\/12&#8243; tablet_width_inherit=&#8221;default&#8221; animation_type=&#8221;default&#8221; bg_image_animation=&#8221;none&#8221; border_type=&#8221;simple&#8221; column_border_width=&#8221;none&#8221; column_border_style=&#8221;solid&#8221; column_padding_type=&#8221;default&#8221; gradient_type=&#8221;default&#8221;][vc_column_text css=&#8221;&#8221; text_direction=&#8221;default&#8221;]\n<h2 data-section-id=\"1a2cqxi\" data-start=\"176\" data-end=\"187\">1. Hyrje<\/h2>\n<p data-start=\"188\" data-end=\"471\">Ky dokument p\u00ebrshkruan karakteristikat e aksesueshm\u00ebris\u00eb dhe p\u00ebrdorueshm\u00ebris\u00eb s\u00eb faqes s\u00eb internetit <strong data-start=\"289\" data-end=\"316\"><a class=\"decorated-link\" href=\"https:\/\/www.hqbuild.it\/sq\/\" target=\"_new\" rel=\"noopener\" data-start=\"291\" data-end=\"314\">https:\/\/www.hqbuild.it\/<\/a><\/strong>, n\u00eb p\u00ebrputhje me parimet e <strong data-start=\"344\" data-end=\"405\">Web Content Accessibility Guidelines (WCAG) 2.1 niveli AA<\/strong>, <strong data-start=\"407\" data-end=\"443\">European Accessibility Act (EAA)<\/strong> dhe legjislacionin n\u00eb fuqi.<\/p>\n<p data-start=\"473\" data-end=\"621\">HQbuild S.p.A. angazhohet t\u00eb b\u00ebj\u00eb faqen e saj t\u00eb aksesueshme p\u00ebr sa m\u00eb shum\u00eb p\u00ebrdorues, pavar\u00ebsisht nga aft\u00ebsit\u00eb apo mjetet e p\u00ebrdorura p\u00ebr navigim.<\/p>\n<hr data-start=\"623\" data-end=\"626\" \/>\n<h2 data-section-id=\"aqk0p5\" data-start=\"628\" data-end=\"658\">2. Teknologjit\u00eb e p\u00ebrdorura<\/h2>\n<p data-start=\"659\" data-end=\"798\">Faqja \u00ebsht\u00eb zhvilluar n\u00eb platform\u00ebn <strong data-start=\"695\" data-end=\"708\">WordPress<\/strong> dhe p\u00ebrdor teknologji t\u00eb ndryshme p\u00ebr funksionalitet, siguri dhe analiz\u00eb, duke p\u00ebrfshir\u00eb:<\/p>\n<ul data-start=\"800\" data-end=\"991\">\n<li data-section-id=\"1w99sxf\" data-start=\"800\" data-end=\"834\">cookie teknike dhe funksionale<\/li>\n<li data-section-id=\"2b3s6u\" data-start=\"835\" data-end=\"879\">mjete analitike (p.sh. Google Analytics)<\/li>\n<li data-section-id=\"wni9qu\" data-start=\"880\" data-end=\"924\">sisteme sigurie (p.sh. Google reCAPTCHA)<\/li>\n<li data-section-id=\"rvdeet\" data-start=\"925\" data-end=\"991\">integrime me pal\u00eb t\u00eb treta (Google Fonts, Google Maps, LinkedIn)<\/li>\n<\/ul>\n<p data-start=\"993\" data-end=\"1109\">Menaxhimi i cookie-ve b\u00ebhet p\u00ebrmes platform\u00ebs CookieYes, n\u00eb p\u00ebrputhje me GDPR dhe rregullore t\u00eb tjera nd\u00ebrkomb\u00ebtare.<\/p>\n<hr data-start=\"1111\" data-end=\"1114\" \/>\n<h2 data-section-id=\"75mzqn\" data-start=\"1116\" data-end=\"1146\">3. Mjetet p\u00ebr aksesueshm\u00ebri<\/h2>\n<p data-start=\"1147\" data-end=\"1219\">Faqja p\u00ebrdor plugin-in <strong data-start=\"1170\" data-end=\"1204\">AccessYes Accessibility Widget<\/strong> nga CookieYes.<\/p>\n<h3 data-section-id=\"11wneah\" data-start=\"1221\" data-end=\"1254\">3.1 Funksionalitetet kryesore<\/h3>\n<p data-start=\"1255\" data-end=\"1320\">Ky mjet lejon p\u00ebrdoruesit t\u00eb personalizojn\u00eb p\u00ebrvoj\u00ebn e navigimit:<\/p>\n<ul data-start=\"1322\" data-end=\"1524\">\n<li data-section-id=\"m0hhze\" data-start=\"1322\" data-end=\"1359\">rregullimi i madh\u00ebsis\u00eb s\u00eb tekstit<\/li>\n<li data-section-id=\"1e7orvo\" data-start=\"1360\" data-end=\"1398\">ndryshimi i kontrastit t\u00eb ngjyrave<\/li>\n<li data-section-id=\"tyt5w\" data-start=\"1399\" data-end=\"1444\">kontrolli i hap\u00ebsir\u00ebs nd\u00ebrmjet elementeve<\/li>\n<li data-section-id=\"qhj94p\" data-start=\"1445\" data-end=\"1483\">aktivizimi i font-eve p\u00ebr disleksi<\/li>\n<li data-section-id=\"1fjf8ge\" data-start=\"1484\" data-end=\"1524\">p\u00ebrmir\u00ebsime vizuale dhe t\u00eb navigimit<\/li>\n<\/ul>\n<hr data-start=\"1526\" data-end=\"1529\" \/>\n<h3 data-section-id=\"kni7ru\" data-start=\"1531\" data-end=\"1563\">3.2 Standardet e mb\u00ebshtetura<\/h3>\n<p data-start=\"1564\" data-end=\"1597\">Plugin-i ndihmon n\u00eb p\u00ebrputhje me:<\/p>\n<ul data-start=\"1599\" data-end=\"1637\">\n<li data-section-id=\"1gj03hi\" data-start=\"1599\" data-end=\"1621\">WCAG 2.1 niveli AA<\/li>\n<li data-section-id=\"16y2pws\" data-start=\"1622\" data-end=\"1629\">ADA<\/li>\n<li data-section-id=\"170sl59\" data-start=\"1630\" data-end=\"1637\">EAA<\/li>\n<\/ul>\n<hr data-start=\"1639\" data-end=\"1642\" \/>\n<h3 data-section-id=\"13h7ith\" data-start=\"1644\" data-end=\"1669\">3.3 Kufizimet teknike<\/h3>\n<p data-start=\"1670\" data-end=\"1678\">Ky mjet:<\/p>\n<ul data-start=\"1680\" data-end=\"1805\">\n<li data-section-id=\"1gy9usv\" data-start=\"1680\" data-end=\"1711\">\u00ebsht\u00eb nj\u00eb mb\u00ebshtetje shtes\u00eb<\/li>\n<\/ul>\n<hr data-start=\"1807\" data-end=\"1810\" \/>\n<h2 data-section-id=\"aicszq\" data-start=\"1812\" data-end=\"1842\">4. Niveli i aksesueshm\u00ebris\u00eb<\/h2>\n<p data-start=\"1843\" data-end=\"1898\">Faqja \u00ebsht\u00eb <strong data-start=\"1855\" data-end=\"1882\">pjes\u00ebrisht n\u00eb p\u00ebrputhje<\/strong> me WCAG 2.1 AA.<\/p>\n<h3 data-section-id=\"1h73698\" data-start=\"1900\" data-end=\"1950\">4.1 P\u00ebrmbajtje potencialisht jo t\u00eb aksesueshme<\/h3>\n<ul data-start=\"1951\" data-end=\"2113\">\n<li data-section-id=\"1ptpwlx\" data-start=\"1951\" data-end=\"2007\">p\u00ebrmbajtje multimediale jo plot\u00ebsisht t\u00eb aksesueshme<\/li>\n<li data-section-id=\"lltfri\" data-start=\"2008\" data-end=\"2044\">imazhe pa p\u00ebrshkrime alternative<\/li>\n<li data-section-id=\"w2f8cb\" data-start=\"2045\" data-end=\"2079\">probleme t\u00eb mundshme kontrasti<\/li>\n<li data-section-id=\"6esz7b\" data-start=\"2080\" data-end=\"2113\">komponent\u00eb t\u00eb pal\u00ebve t\u00eb treta<\/li>\n<\/ul>\n<hr data-start=\"2115\" data-end=\"2118\" \/>\n<h2 data-section-id=\"xf0oc1\" data-start=\"2120\" data-end=\"2151\">5. P\u00ebrmir\u00ebsimi i vazhduesh\u00ebm<\/h2>\n<p data-start=\"2152\" data-end=\"2167\">HQbuild S.p.A.:<\/p>\n<ul data-start=\"2169\" data-end=\"2280\">\n<li data-section-id=\"19d133t\" data-start=\"2169\" data-end=\"2198\">monitoron aksesueshm\u00ebrin\u00eb<\/li>\n<li data-section-id=\"d6rpl9\" data-start=\"2199\" data-end=\"2238\">p\u00ebrdor teste automatike dhe manuale<\/li>\n<li data-section-id=\"16kon8s\" data-start=\"2239\" data-end=\"2280\">planifikon p\u00ebrmir\u00ebsime t\u00eb vazhdueshme<\/li>\n<\/ul>\n<hr data-start=\"2282\" data-end=\"2285\" \/>\n<h2 data-section-id=\"cvyl6f\" data-start=\"2287\" data-end=\"2315\">6. Aktivizimi i widget-it<\/h2>\n<p data-start=\"2316\" data-end=\"2337\">Widget-i aktivizohet:<\/p>\n<ul data-start=\"2339\" data-end=\"2411\">\n<li data-section-id=\"17ac53r\" data-start=\"2339\" data-end=\"2364\">p\u00ebrmes ikon\u00ebs n\u00eb faqe<\/li>\n<li data-section-id=\"1d4gucb\" data-start=\"2365\" data-end=\"2382\">pa regjistrim<\/li>\n<li data-section-id=\"1a5kk83\" data-start=\"2383\" data-end=\"2411\">me efekt t\u00eb menj\u00ebhersh\u00ebm<\/li>\n<\/ul>\n<hr data-start=\"2413\" data-end=\"2416\" \/>\n<h2 data-section-id=\"1r2msc8\" data-start=\"2418\" data-end=\"2446\">7. P\u00ebrputhshm\u00ebria teknike<\/h2>\n<p data-start=\"2447\" data-end=\"2476\">Faqja \u00ebsht\u00eb e p\u00ebrputhshme me:<\/p>\n<ul data-start=\"2478\" data-end=\"2552\">\n<li data-section-id=\"kiq9g0\" data-start=\"2478\" data-end=\"2497\">browser modern\u00eb<\/li>\n<li data-section-id=\"918hbx\" data-start=\"2498\" data-end=\"2528\">pajisje mobile dhe desktop<\/li>\n<li data-section-id=\"cmxomq\" data-start=\"2529\" data-end=\"2552\">teknologji asistive<\/li>\n<\/ul>\n<hr data-start=\"2554\" data-end=\"2557\" \/>\n<h2 data-section-id=\"1klb8v6\" data-start=\"2559\" data-end=\"2574\">8. Kontaktet<\/h2>\n<p data-start=\"2575\" data-end=\"2672\">Corso d\u2019Italia, 83<br \/>\n00198 Roma (RM)<br data-start=\"2622\" data-end=\"2625\" \/>Email: <a class=\"decorated-link cursor-pointer\" rel=\"noopener\" data-start=\"2632\" data-end=\"2647\">info@hqbuild.it<\/a><br data-start=\"2647\" data-end=\"2650\" \/>Tel: +39 06 55268969<\/p>\n<hr data-start=\"2674\" data-end=\"2677\" \/>\n<h2 data-section-id=\"1ob8omy\" data-start=\"2679\" data-end=\"2697\">9. Baza ligjore<\/h2>\n<ul data-start=\"2698\" data-end=\"2772\">\n<li data-section-id=\"1sp4vef\" data-start=\"2698\" data-end=\"2710\">WCAG 2.1<\/li>\n<li data-section-id=\"ra11op\" data-start=\"2711\" data-end=\"2725\">EN 301 549<\/li>\n<li data-section-id=\"1hjyr42\" data-start=\"2726\" data-end=\"2753\">Direktiva (BE) 2019\/882<\/li>\n<li data-section-id=\"l1wva6\" data-start=\"2754\" data-end=\"2772\">Udh\u00ebzimet AGID<\/li>\n<\/ul>\n<hr data-start=\"2774\" data-end=\"2777\" \/>\n<h2 data-section-id=\"1iwo2pb\" data-start=\"2779\" data-end=\"2797\">10. P\u00ebrdit\u00ebsimi<\/h2>\n<p data-start=\"2798\" data-end=\"2828\">P\u00ebrdit\u00ebsuar m\u00eb: 27\/04\/2026<\/p>\n<hr data-start=\"2830\" data-end=\"2833\" \/>\n[\/vc_column_text][\/vc_column][vc_column column_padding=&#8221;no-extra-padding&#8221; column_padding_tablet=&#8221;inherit&#8221; column_padding_phone=&#8221;inherit&#8221; column_padding_position=&#8221;all&#8221; column_element_direction_desktop=&#8221;default&#8221; column_element_spacing=&#8221;default&#8221; desktop_text_alignment=&#8221;default&#8221; tablet_text_alignment=&#8221;default&#8221; phone_text_alignment=&#8221;default&#8221; background_color_opacity=&#8221;1&#8243; background_hover_color_opacity=&#8221;1&#8243; column_backdrop_filter=&#8221;none&#8221; column_shadow=&#8221;none&#8221; column_border_radius=&#8221;none&#8221; column_link_target=&#8221;_self&#8221; column_position=&#8221;default&#8221; gradient_direction=&#8221;left_to_right&#8221; overlay_strength=&#8221;0.3&#8243; width=&#8221;3\/12&#8243; tablet_width_inherit=&#8221;default&#8221; animation_type=&#8221;default&#8221; bg_image_animation=&#8221;none&#8221; border_type=&#8221;simple&#8221; column_border_width=&#8221;none&#8221; column_border_style=&#8221;solid&#8221;][\/vc_column][\/vc_row]\n","protected":false},"excerpt":{"rendered":"<p>[vc_row type=&#8221;full_width_background&#8221; full_screen_row_position=&#8221;middle&#8221; column_margin=&#8221;default&#8221; column_direction=&#8221;default&#8221; column_direction_tablet=&#8221;default&#8221; column_direction_phone=&#8221;default&#8221; scene_position=&#8221;center&#8221; top_padding=&#8221;32&#8243; bottom_padding=&#8221;64&#8243; bottom_margin_tablet=&#8221;auto&#8221; bottom_margin_phone=&#8221;auto&#8221; text_color=&#8221;dark&#8221; text_align=&#8221;left&#8221; row_border_radius=&#8221;none&#8221; row_border_radius_applies=&#8221;bg&#8221; overflow=&#8221;visible&#8221; enable_gradient=&#8221;true&#8221; color_overlay=&#8221;#ffffff&#8221; color_overlay_2=&#8221;#e2e2e2&#8243; overlay_strength=&#8221;0.3&#8243; gradient_direction=&#8221;top_to_bottom&#8221; shape_divider_position=&#8221;bottom&#8221; bg_image_animation=&#8221;none&#8221; gradient_type=&#8221;default&#8221; shape_type=&#8221;&#8221;][vc_column column_padding=&#8221;no-extra-padding&#8221; column_padding_tablet=&#8221;inherit&#8221; column_padding_phone=&#8221;inherit&#8221; column_padding_position=&#8221;all&#8221;&#8230;<\/p>\n","protected":false},"author":1,"featured_media":0,"parent":0,"menu_order":0,"comment_status":"closed","ping_status":"open","template":"","meta":{"footnotes":""},"class_list":["post-8751","page","type-page","status-publish"],"yoast_head":"<!-- This site is optimized with the Yoast SEO plugin v27.0 - https:\/\/yoast.com\/product\/yoast-seo-wordpress\/ -->\n<title>Informacion mbi aksesueshm\u00ebrin\u00eb dhe p\u00ebrdorueshm\u00ebrin\u00eb e faqes - hqbuild S.p.A.<\/title>\n<meta name=\"robots\" content=\"index, follow, max-snippet:-1, max-image-preview:large, max-video-preview:-1\" \/>\n<link rel=\"canonical\" href=\"https:\/\/www.hqbuild.it\/sq\/aksesueshmeria\/\" \/>\n<meta property=\"og:locale\" content=\"sq_AL\" \/>\n<meta property=\"og:type\" content=\"article\" \/>\n<meta property=\"og:title\" content=\"Informacion mbi aksesueshm\u00ebrin\u00eb dhe p\u00ebrdorueshm\u00ebrin\u00eb e faqes - hqbuild S.p.A.\" \/>\n<meta property=\"og:description\" content=\"[vc_row type=&#8221;full_width_background&#8221; full_screen_row_position=&#8221;middle&#8221; column_margin=&#8221;default&#8221; column_direction=&#8221;default&#8221; column_direction_tablet=&#8221;default&#8221; column_direction_phone=&#8221;default&#8221; scene_position=&#8221;center&#8221; top_padding=&#8221;32&#8243; bottom_padding=&#8221;64&#8243; bottom_margin_tablet=&#8221;auto&#8221; bottom_margin_phone=&#8221;auto&#8221; text_color=&#8221;dark&#8221; text_align=&#8221;left&#8221; row_border_radius=&#8221;none&#8221; row_border_radius_applies=&#8221;bg&#8221; overflow=&#8221;visible&#8221; enable_gradient=&#8221;true&#8221; color_overlay=&#8221;#ffffff&#8221; color_overlay_2=&#8221;#e2e2e2&#8243; overlay_strength=&#8221;0.3&#8243; gradient_direction=&#8221;top_to_bottom&#8221; shape_divider_position=&#8221;bottom&#8221; bg_image_animation=&#8221;none&#8221; gradient_type=&#8221;default&#8221; shape_type=&#8221;&#8221;][vc_column column_padding=&#8221;no-extra-padding&#8221; column_padding_tablet=&#8221;inherit&#8221; column_padding_phone=&#8221;inherit&#8221; column_padding_position=&#8221;all&#8221;...\" \/>\n<meta property=\"og:url\" content=\"https:\/\/www.hqbuild.it\/sq\/aksesueshmeria\/\" \/>\n<meta property=\"og:site_name\" content=\"hqbuild S.p.A.\" \/>\n<meta property=\"article:modified_time\" content=\"2026-04-27T10:57:46+00:00\" \/>\n<meta name=\"twitter:card\" content=\"summary_large_image\" \/>\n<meta name=\"twitter:label1\" content=\"Est. reading time\" \/>\n\t<meta name=\"twitter:data1\" content=\"3 minuta\" \/>\n<script type=\"application\/ld+json\" class=\"yoast-schema-graph\">{\"@context\":\"https:\/\/schema.org\",\"@graph\":[{\"@type\":\"WebPage\",\"@id\":\"https:\/\/www.hqbuild.it\/sq\/aksesueshmeria\/\",\"url\":\"https:\/\/www.hqbuild.it\/sq\/aksesueshmeria\/\",\"name\":\"Informacion mbi aksesueshm\u00ebrin\u00eb dhe p\u00ebrdorueshm\u00ebrin\u00eb e faqes - hqbuild S.p.A.\",\"isPartOf\":{\"@id\":\"https:\/\/www.hqbuild.it\/sq\/#website\"},\"datePublished\":\"2026-04-27T10:03:17+00:00\",\"dateModified\":\"2026-04-27T10:57:46+00:00\",\"breadcrumb\":{\"@id\":\"https:\/\/www.hqbuild.it\/sq\/aksesueshmeria\/#breadcrumb\"},\"inLanguage\":\"sq\",\"potentialAction\":[{\"@type\":\"ReadAction\",\"target\":[\"https:\/\/www.hqbuild.it\/sq\/aksesueshmeria\/\"]}]},{\"@type\":\"BreadcrumbList\",\"@id\":\"https:\/\/www.hqbuild.it\/sq\/aksesueshmeria\/#breadcrumb\",\"itemListElement\":[{\"@type\":\"ListItem\",\"position\":1,\"name\":\"Home\",\"item\":\"https:\/\/www.hqbuild.it\/sq\/\"},{\"@type\":\"ListItem\",\"position\":2,\"name\":\"Informacion mbi aksesueshm\u00ebrin\u00eb dhe p\u00ebrdorueshm\u00ebrin\u00eb e faqes\"}]},{\"@type\":\"WebSite\",\"@id\":\"https:\/\/www.hqbuild.it\/sq\/#website\",\"url\":\"https:\/\/www.hqbuild.it\/sq\/\",\"name\":\"hqbuild S.p.a.\",\"description\":\"\",\"publisher\":{\"@id\":\"https:\/\/www.hqbuild.it\/sq\/#organization\"},\"potentialAction\":[{\"@type\":\"SearchAction\",\"target\":{\"@type\":\"EntryPoint\",\"urlTemplate\":\"https:\/\/www.hqbuild.it\/sq\/?s={search_term_string}\"},\"query-input\":{\"@type\":\"PropertyValueSpecification\",\"valueRequired\":true,\"valueName\":\"search_term_string\"}}],\"inLanguage\":\"sq\"},{\"@type\":\"Organization\",\"@id\":\"https:\/\/www.hqbuild.it\/sq\/#organization\",\"name\":\"hqbuild S.p.a.\",\"url\":\"https:\/\/www.hqbuild.it\/sq\/\",\"logo\":{\"@type\":\"ImageObject\",\"inLanguage\":\"sq\",\"@id\":\"https:\/\/www.hqbuild.it\/sq\/#\/schema\/logo\/image\/\",\"url\":\"https:\/\/www.hqbuild.it\/wp-content\/uploads\/2024\/09\/Risorsa-2@2x-colored-mobile-1.png\",\"contentUrl\":\"https:\/\/www.hqbuild.it\/wp-content\/uploads\/2024\/09\/Risorsa-2@2x-colored-mobile-1.png\",\"width\":537,\"height\":210,\"caption\":\"hqbuild S.p.a.\"},\"image\":{\"@id\":\"https:\/\/www.hqbuild.it\/sq\/#\/schema\/logo\/image\/\"}}]}<\/script>\n<!-- \/ Yoast SEO plugin. -->","yoast_head_json":{"title":"Informacion mbi aksesueshm\u00ebrin\u00eb dhe p\u00ebrdorueshm\u00ebrin\u00eb e faqes - hqbuild S.p.A.","robots":{"index":"index","follow":"follow","max-snippet":"max-snippet:-1","max-image-preview":"max-image-preview:large","max-video-preview":"max-video-preview:-1"},"canonical":"https:\/\/www.hqbuild.it\/sq\/aksesueshmeria\/","og_locale":"sq_AL","og_type":"article","og_title":"Informacion mbi aksesueshm\u00ebrin\u00eb dhe p\u00ebrdorueshm\u00ebrin\u00eb e faqes - hqbuild S.p.A.","og_description":"[vc_row type=&#8221;full_width_background&#8221; full_screen_row_position=&#8221;middle&#8221; column_margin=&#8221;default&#8221; column_direction=&#8221;default&#8221; column_direction_tablet=&#8221;default&#8221; column_direction_phone=&#8221;default&#8221; scene_position=&#8221;center&#8221; top_padding=&#8221;32&#8243; bottom_padding=&#8221;64&#8243; bottom_margin_tablet=&#8221;auto&#8221; bottom_margin_phone=&#8221;auto&#8221; text_color=&#8221;dark&#8221; text_align=&#8221;left&#8221; row_border_radius=&#8221;none&#8221; row_border_radius_applies=&#8221;bg&#8221; overflow=&#8221;visible&#8221; enable_gradient=&#8221;true&#8221; color_overlay=&#8221;#ffffff&#8221; color_overlay_2=&#8221;#e2e2e2&#8243; overlay_strength=&#8221;0.3&#8243; gradient_direction=&#8221;top_to_bottom&#8221; shape_divider_position=&#8221;bottom&#8221; bg_image_animation=&#8221;none&#8221; gradient_type=&#8221;default&#8221; shape_type=&#8221;&#8221;][vc_column column_padding=&#8221;no-extra-padding&#8221; column_padding_tablet=&#8221;inherit&#8221; column_padding_phone=&#8221;inherit&#8221; column_padding_position=&#8221;all&#8221;...","og_url":"https:\/\/www.hqbuild.it\/sq\/aksesueshmeria\/","og_site_name":"hqbuild S.p.A.","article_modified_time":"2026-04-27T10:57:46+00:00","twitter_card":"summary_large_image","twitter_misc":{"Est. reading time":"3 minuta"},"schema":{"@context":"https:\/\/schema.org","@graph":[{"@type":"WebPage","@id":"https:\/\/www.hqbuild.it\/sq\/aksesueshmeria\/","url":"https:\/\/www.hqbuild.it\/sq\/aksesueshmeria\/","name":"Informacion mbi aksesueshm\u00ebrin\u00eb dhe p\u00ebrdorueshm\u00ebrin\u00eb e faqes - hqbuild S.p.A.","isPartOf":{"@id":"https:\/\/www.hqbuild.it\/sq\/#website"},"datePublished":"2026-04-27T10:03:17+00:00","dateModified":"2026-04-27T10:57:46+00:00","breadcrumb":{"@id":"https:\/\/www.hqbuild.it\/sq\/aksesueshmeria\/#breadcrumb"},"inLanguage":"sq","potentialAction":[{"@type":"ReadAction","target":["https:\/\/www.hqbuild.it\/sq\/aksesueshmeria\/"]}]},{"@type":"BreadcrumbList","@id":"https:\/\/www.hqbuild.it\/sq\/aksesueshmeria\/#breadcrumb","itemListElement":[{"@type":"ListItem","position":1,"name":"Home","item":"https:\/\/www.hqbuild.it\/sq\/"},{"@type":"ListItem","position":2,"name":"Informacion mbi aksesueshm\u00ebrin\u00eb dhe p\u00ebrdorueshm\u00ebrin\u00eb e faqes"}]},{"@type":"WebSite","@id":"https:\/\/www.hqbuild.it\/sq\/#website","url":"https:\/\/www.hqbuild.it\/sq\/","name":"hqbuild S.p.a.","description":"","publisher":{"@id":"https:\/\/www.hqbuild.it\/sq\/#organization"},"potentialAction":[{"@type":"SearchAction","target":{"@type":"EntryPoint","urlTemplate":"https:\/\/www.hqbuild.it\/sq\/?s={search_term_string}"},"query-input":{"@type":"PropertyValueSpecification","valueRequired":true,"valueName":"search_term_string"}}],"inLanguage":"sq"},{"@type":"Organization","@id":"https:\/\/www.hqbuild.it\/sq\/#organization","name":"hqbuild S.p.a.","url":"https:\/\/www.hqbuild.it\/sq\/","logo":{"@type":"ImageObject","inLanguage":"sq","@id":"https:\/\/www.hqbuild.it\/sq\/#\/schema\/logo\/image\/","url":"https:\/\/www.hqbuild.it\/wp-content\/uploads\/2024\/09\/Risorsa-2@2x-colored-mobile-1.png","contentUrl":"https:\/\/www.hqbuild.it\/wp-content\/uploads\/2024\/09\/Risorsa-2@2x-colored-mobile-1.png","width":537,"height":210,"caption":"hqbuild S.p.a."},"image":{"@id":"https:\/\/www.hqbuild.it\/sq\/#\/schema\/logo\/image\/"}}]}},"_links":{"self":[{"href":"https:\/\/www.hqbuild.it\/sq\/wp-json\/wp\/v2\/pages\/8751","targetHints":{"allow":["GET"]}}],"collection":[{"href":"https:\/\/www.hqbuild.it\/sq\/wp-json\/wp\/v2\/pages"}],"about":[{"href":"https:\/\/www.hqbuild.it\/sq\/wp-json\/wp\/v2\/types\/page"}],"author":[{"embeddable":true,"href":"https:\/\/www.hqbuild.it\/sq\/wp-json\/wp\/v2\/users\/1"}],"replies":[{"embeddable":true,"href":"https:\/\/www.hqbuild.it\/sq\/wp-json\/wp\/v2\/comments?post=8751"}],"version-history":[{"count":4,"href":"https:\/\/www.hqbuild.it\/sq\/wp-json\/wp\/v2\/pages\/8751\/revisions"}],"predecessor-version":[{"id":8766,"href":"https:\/\/www.hqbuild.it\/sq\/wp-json\/wp\/v2\/pages\/8751\/revisions\/8766"}],"wp:attachment":[{"href":"https:\/\/www.hqbuild.it\/sq\/wp-json\/wp\/v2\/media?parent=8751"}],"curies":[{"name":"wp","href":"https:\/\/api.w.org\/{rel}","templated":true}]}}